{"id":83,"date":"2017-05-23T06:12:45","date_gmt":"2017-05-23T06:12:45","guid":{"rendered":"http:\/\/gt3demo.com\/wp\/sohopro\/?page_id=83"},"modified":"2024-11-21T12:15:57","modified_gmt":"2024-11-21T12:15:57","slug":"neden-biz","status":"publish","type":"page","link":"https:\/\/hydroevent.com.tr\/index.php\/neden-biz\/","title":{"rendered":"Neden Biz?"},"content":{"rendered":"<p>[vc_row css=&#8221;.vc_custom_1495459274536{padding-bottom: 15px !important;}&#8221;][vc_column css_animation=&#8221;fadeInLeft&#8221; width=&#8221;1\/2&#8243; css=&#8221;.vc_custom_1495459179917{margin-bottom: 0px !important;padding-bottom: 30px !important;}&#8221;][vc_single_image image=&#8221;1377&#8243; img_size=&#8221;500*400&#8243;][\/vc_column][vc_column css_animation=&#8221;fadeInRight&#8221; width=&#8221;1\/2&#8243; css=&#8221;.vc_custom_1495459187807{margin-bottom: 0px !important;padding-bottom: 30px !important;padding-left: 35px !important;}&#8221;][vc_custom_heading text=&#8221;M\u00dcKEMMEL H\u0130ZMET SUNMAYA KARARLIYIZ&#8221; font_container=&#8221;tag:div|font_size:25px|text_align:left|line_height:35px&#8221; use_theme_fonts=&#8221;yes&#8221; css=&#8221;.vc_custom_1732105713712{margin-top: -5px !important;margin-bottom: 0px !important;padding-bottom: 24px !important;}&#8221;][vc_column_text css=&#8221;.vc_custom_1732105731554{margin-bottom: 0px !important;padding-bottom: 29px !important;}&#8221;]Etkinlik planlamas\u0131n\u0131n stresini ortadan kald\u0131rmak ve m\u00fc\u015fterilerimizin en iddial\u0131 hedeflerine ula\u015fmalar\u0131n\u0131 sa\u011flamak i\u00e7in buraday\u0131z. 360 derece yakla\u015f\u0131m\u0131m\u0131zla, her ayr\u0131nt\u0131y\u0131 hassasiyet ve yarat\u0131c\u0131l\u0131kla ele alarak etkinli\u011finizin sadece unutulmaz de\u011fil, ayn\u0131 zamanda \u00f6l\u00e7\u00fclebilir sonu\u00e7lar elde etmesini sa\u011fl\u0131yoruz.[\/vc_column_text][vc_progress_bar values=&#8221;%5B%5D&#8221; units=&#8221;%&#8221;][\/vc_column][\/vc_row][vc_row][vc_column][vc_column_text]<\/p>\n<h2 class=\"whitespace-pre-wrap break-words\">Tek \u00c7at\u0131 Alt\u0131nda Tam Hizmet<\/h2>\n<p>[\/vc_column_text][\/vc_column][\/vc_row][vc_row][vc_column][vc_column_text]<\/p>\n<p class=\"whitespace-pre-wrap break-words\">A&#8217;dan Z&#8217;ye Kendi \u00d6z Kaynaklar\u0131m\u0131zla Yan\u0131n\u0131zday\u0131z!<\/p>\n<p class=\"whitespace-pre-wrap break-words\">Hydro Events olarak, organizasyonlar\u0131n\u0131z i\u00e7in ihtiya\u00e7 duyulan t\u00fcm hizmetleri kendi b\u00fcnyemizde sunman\u0131n gururunu ya\u015f\u0131yoruz. Ba\u015fka firmalara ba\u011f\u0131ml\u0131 kalmadan, kendi at\u00f6lyelerimiz ve profesyonel ekiplerimizle size komple \u00e7\u00f6z\u00fcmler sunuyoruz.<\/p>\n<p>[\/vc_column_text][\/vc_column][\/vc_row][vc_row][vc_column][vc_column_text]<\/p>\n<h2 class=\"whitespace-pre-wrap break-words\">Hayallerinizi Ger\u00e7e\u011fe D\u00f6n\u00fc\u015ft\u00fcren G\u00fc\u00e7: Hydro Events \u00dcretim Tesisleri<\/h2>\n<p>[\/vc_column_text][vc_column_text]<\/p>\n<p class=\"whitespace-pre-wrap break-words\">T\u00fcm \u00fcretim s\u00fcre\u00e7lerimizi tek \u00e7at\u0131 alt\u0131nda y\u00f6neterek, size zaman, maliyet ve kalite avantaj\u0131 sa\u011fl\u0131yoruz. Her projenin benzersiz olmas\u0131 i\u00e7in yarat\u0131c\u0131 ekibimiz ve uzman kadromuzla, fikirden \u00fcretime kadar t\u00fcm a\u015famalar\u0131 titizlikle y\u00f6netiyoruz.<\/p>\n<p class=\"whitespace-pre-wrap break-words\">[\/vc_column_text][\/vc_column][\/vc_row][vc_row full_width=&#8221;stretch_row&#8221; css=&#8221;.vc_custom_1495460249909{margin-bottom: 92px !important;padding-top: 65px !important;padding-bottom: 0px !important;background-color: #161b23 !important;}&#8221;][vc_column width=&#8221;1\/3&#8243; css=&#8221;.vc_custom_1495460254433{margin-bottom: 0px !important;padding-bottom: 30px !important;}&#8221;][gt3_icon_box icon_type=&#8221;image&#8221; thumbnail=&#8221;71&#8243; icon_position=&#8221;left&#8221; css_animation=&#8221;fadeInLeft&#8221; icon_size=&#8221;custom&#8221; custom_icon_size=&#8221;53&#8243; title_tag=&#8221;h3&#8243; title_color=&#8221;#ffffff&#8221; text_color=&#8221;#a0acba&#8221; link_color=&#8221;#e56e6e&#8221; link_hover_color=&#8221;#a0acba&#8221; new_tab=&#8221;&#8221; icon_circle=&#8221;&#8221; heading=&#8221;Mobilya At\u00f6lyemiz&#8221; text=&#8221;T\u00fcm ah\u015fap \u00fcretimlerini ve tedariklerini kendi b\u00fcnyemizde \u00e7\u00f6z\u00fcyoruz.&#8221;][gt3_spacing height=&#8221;65px&#8221;][gt3_icon_box icon_type=&#8221;image&#8221; thumbnail=&#8221;70&#8243; icon_position=&#8221;left&#8221; css_animation=&#8221;fadeInLeft&#8221; icon_size=&#8221;custom&#8221; custom_icon_size=&#8221;50&#8243; title_tag=&#8221;h3&#8243; title_color=&#8221;#ffffff&#8221; text_color=&#8221;#a0acba&#8221; link_color=&#8221;#e56e6e&#8221; link_hover_color=&#8221;#a0acba&#8221; new_tab=&#8221;&#8221; icon_circle=&#8221;&#8221; heading=&#8221;Boya ve Cila At\u00f6lyesi&#8221; text=&#8221;Profesyonel boyama, cilalama ve y\u00fczey kaplama i\u015flemleri&#8221;][gt3_spacing height=&#8221;61px&#8221;][\/vc_column][vc_column width=&#8221;1\/3&#8243; css=&#8221;.vc_custom_1495460257378{margin-bottom: 0px !important;padding-bottom: 30px !important;}&#8221;][gt3_icon_box icon_type=&#8221;image&#8221; thumbnail=&#8221;21&#8243; icon_position=&#8221;left&#8221; css_animation=&#8221;fadeInUp&#8221; icon_size=&#8221;custom&#8221; custom_icon_size=&#8221;51&#8243; title_tag=&#8221;h3&#8243; title_color=&#8221;#ffffff&#8221; text_color=&#8221;#a0acba&#8221; link_color=&#8221;#e56e6e&#8221; link_hover_color=&#8221;#a0acba&#8221; new_tab=&#8221;&#8221; icon_circle=&#8221;&#8221; heading=&#8221;Demir At\u00f6lyesi&#8221; text=&#8221;Metal konstr\u00fcksiyon, \u00f6zel tasar\u0131m metal \u00fcr\u00fcnler ve sahne sistemleri&#8221;][gt3_spacing height=&#8221;65px&#8221;][gt3_icon_box icon_type=&#8221;image&#8221; thumbnail=&#8221;15&#8243; icon_position=&#8221;left&#8221; css_animation=&#8221;fadeInUp&#8221; icon_size=&#8221;custom&#8221; custom_icon_size=&#8221;45&#8243; title_tag=&#8221;h3&#8243; title_color=&#8221;#ffffff&#8221; text_color=&#8221;#a0acba&#8221; link_color=&#8221;#e56e6e&#8221; link_hover_color=&#8221;#a0acba&#8221; new_tab=&#8221;&#8221; icon_circle=&#8221;&#8221; heading=&#8221;Dijital Bask\u0131 At\u00f6lyesi&#8221; text=&#8221;Geni\u015f format bask\u0131, \u00f6zel tasar\u0131m g\u00f6rsel malzemeler ve reklam \u00fcr\u00fcnleri&#8221;][gt3_spacing height=&#8221;61px&#8221;][\/vc_column][vc_column width=&#8221;1\/3&#8243; css=&#8221;.vc_custom_1495460261386{margin-bottom: 0px !important;padding-bottom: 30px !important;}&#8221;][gt3_icon_box icon_type=&#8221;image&#8221; thumbnail=&#8221;22&#8243; icon_position=&#8221;left&#8221; css_animation=&#8221;fadeInRight&#8221; icon_size=&#8221;custom&#8221; custom_icon_size=&#8221;51&#8243; title_tag=&#8221;h3&#8243; title_color=&#8221;#ffffff&#8221; text_color=&#8221;#a0acba&#8221; link_color=&#8221;#e56e6e&#8221; link_hover_color=&#8221;#a0acba&#8221; new_tab=&#8221;&#8221; icon_circle=&#8221;&#8221; heading=&#8221;Plexi At\u00f6lyesi&#8221; text=&#8221;Akrilik uygulamalar, \u0131\u015f\u0131kl\u0131 sistemler ve dekoratif plexi \u00fcr\u00fcnler&#8221;][gt3_spacing height=&#8221;65px&#8221;][gt3_icon_box icon_type=&#8221;image&#8221; thumbnail=&#8221;72&#8243; icon_position=&#8221;left&#8221; css_animation=&#8221;fadeInRight&#8221; icon_size=&#8221;custom&#8221; custom_icon_size=&#8221;54&#8243; title_tag=&#8221;h3&#8243; title_color=&#8221;#ffffff&#8221; text_color=&#8221;#a0acba&#8221; link_color=&#8221;#e56e6e&#8221; link_hover_color=&#8221;#a0acba&#8221; new_tab=&#8221;&#8221; icon_circle=&#8221;&#8221; heading=&#8221;Yarat\u0131c\u0131 \u00dcretim At\u00f6lyesi&#8221; text=&#8221;Konsept tasar\u0131mlar, \u00f6zel dekor elemanlar\u0131 ve sanatsal uygulamalar&#8221;][gt3_spacing height=&#8221;61px&#8221;][\/vc_column][\/vc_row][vc_row equal_height=&#8221;yes&#8221; content_placement=&#8221;middle&#8221; css=&#8221;.vc_custom_1495460002029{margin-top: 0px !important;margin-bottom: 0px !important;padding-top: 0px !important;padding-bottom: 0px !important;}&#8221;][vc_column css_animation=&#8221;fadeInLeft&#8221; width=&#8221;11\/12&#8243; css=&#8221;.vc_custom_1732191062901{margin-top: 0px !important;margin-bottom: 30px !important;padding-top: 0px !important;}&#8221;][vc_column_text el_class=&#8221;gt3_heading&#8221;]<\/p>\n<h3>Ekibimizle tan\u0131\u015f\u0131n<\/h3>\n<p>[\/vc_column_text][vc_custom_heading text=&#8221;Ba\u015far\u0131l\u0131 Her Organizasyonun Arkas\u0131ndaki G\u00fc\u00e7l\u00fc Tak\u0131m!<br \/>\nHydro Events ailesinin her \u00fcyesi, kendi alan\u0131nda uzman, yarat\u0131c\u0131 ve tutkulu profesyonellerden olu\u015fuyor. Hayallerinizi ger\u00e7e\u011fe d\u00f6n\u00fc\u015ft\u00fcren ekibimizle tan\u0131\u015f\u0131n:<br \/>\n\ud83d\udc54 Proje Y\u00f6netim Ekibi<br \/>\nHer detay\u0131 d\u00fc\u015f\u00fcnen, kusursuz organizasyonlar planlayan deneyimli proje y\u00f6neticilerimiz<br \/>\n\ud83c\udfa8 Kreatif Ekip<br \/>\n\u00d6zg\u00fcn fikirler ve yarat\u0131c\u0131 konseptler \u00fcreten tasar\u0131m uzmanlar\u0131m\u0131z<br \/>\n\ud83d\udee0\ufe0f Teknik Ekip<br \/>\nT\u00fcm at\u00f6lyelerimizde g\u00f6rev alan, ustalar, teknisyenler ve \u00fcretim uzmanlar\u0131m\u0131z<br \/>\n\ud83c\udfa5 Prod\u00fcksiyon Ekibi<br \/>\nEtkinliklerinizi \u00f6l\u00fcms\u00fczle\u015ftiren foto\u011fraf ve video ekibimiz<br \/>\n\ud83d\udd27 Saha Ekibi<br \/>\nKurulum, uygulama ve operasyon s\u00fcre\u00e7lerini y\u00f6neten deneyimli saha personelimiz<br \/>\n\ud83d\udc65 Organizasyon Ekibi<br \/>\nEtkinlik g\u00fcn\u00fc kusursuz i\u015fleyi\u015fi sa\u011flayan koordinat\u00f6rler ve destek ekibimiz<br \/>\nProfesyonel, g\u00fcler y\u00fczl\u00fc ve i\u015finin ehli 100&#8217;\u00fc a\u015fk\u0131n \u00e7al\u0131\u015fan\u0131m\u0131zla, her projede en iyisini sunmak i\u00e7in \u00e7al\u0131\u015f\u0131yoruz. Ekip ruhumuz, deneyimimiz ve tutkumuzla hayallerinizi ger\u00e7e\u011fe d\u00f6n\u00fc\u015ft\u00fcr\u00fcyoruz.<br \/>\n&#8220;G\u00fc\u00e7l\u00fc Ekip, Muhte\u015fem Organizasyonlar!&#8220;&#8221; font_container=&#8221;tag:div|font_size:15px|text_align:left|line_height:20px&#8221; use_theme_fonts=&#8221;yes&#8221; css=&#8221;.vc_custom_1732181430486{margin-top: 0px !important;margin-bottom: 0px !important;padding-top: 10px !important;padding-bottom: 0px !important;}&#8221;][\/vc_column][\/vc_row]<\/p>\n","protected":false},"excerpt":{"rendered":"<p>[vc_row css=&#8221;.vc_custom_1495459274536{padding-bottom: 15px !important;}&#8221;][vc_column css_animation=&#8221;fadeInLeft&#8221; width=&#8221;1\/2&#8243; css=&#8221;.vc_custom_1495459179917{margin-bottom: 0px !important;padding-bottom: 30px !important;}&#8221;][vc_single_image image=&#8221;1377&#8243; img_size=&#8221;500*400&#8243;][\/vc_column][vc_column css_animation=&#8221;fadeInRight&#8221; width=&#8221;1\/2&#8243; css=&#8221;.vc_custom_1495459187807{margin-bottom: 0px !important;padding-bottom: 30px !important;padding-left: 35px !important;}&#8221;][vc_custom_heading text=&#8221;M\u00dcKEMMEL H\u0130ZMET SUNMAYA KARARLIYIZ&#8221; font_container=&#8221;tag:div|font_size:25px|text_align:left|line_height:35px&#8221; use_theme_fonts=&#8221;yes&#8221; css=&#8221;.vc_custom_1732105713712{margin-top: -5px !important;margin-bottom: 0px !important;padding-bottom: 24px !important;}&#8221;][vc_column_text css=&#8221;.vc_custom_1732105731554{margin-bottom: 0px !important;padding-bottom: 29px !important;}&#8221;]Etkinlik planlamas\u0131n\u0131n stresini ortadan kald\u0131rmak ve m\u00fc\u015fterilerimizin en iddial\u0131 hedeflerine ula\u015fmalar\u0131n\u0131 sa\u011flamak i\u00e7in buraday\u0131z. 360 derece [&hellip;]<\/p>\n","protected":false},"author":2,"featured_media":0,"parent":0,"menu_order":0,"comment_status":"closed","ping_status":"closed","template":"","meta":{"footnotes":""},"class_list":["post-83","page","type-page","status-publish","hentry"],"_links":{"self":[{"href":"https:\/\/hydroevent.com.tr\/index.php\/wp-json\/wp\/v2\/pages\/83","targetHints":{"allow":["GET"]}}],"collection":[{"href":"https:\/\/hydroevent.com.tr\/index.php\/wp-json\/wp\/v2\/pages"}],"about":[{"href":"https:\/\/hydroevent.com.tr\/index.php\/wp-json\/wp\/v2\/types\/page"}],"author":[{"embeddable":true,"href":"https:\/\/hydroevent.com.tr\/index.php\/wp-json\/wp\/v2\/users\/2"}],"replies":[{"embeddable":true,"href":"https:\/\/hydroevent.com.tr\/index.php\/wp-json\/wp\/v2\/comments?post=83"}],"version-history":[{"count":5,"href":"https:\/\/hydroevent.com.tr\/index.php\/wp-json\/wp\/v2\/pages\/83\/revisions"}],"predecessor-version":[{"id":1520,"href":"https:\/\/hydroevent.com.tr\/index.php\/wp-json\/wp\/v2\/pages\/83\/revisions\/1520"}],"wp:attachment":[{"href":"https:\/\/hydroevent.com.tr\/index.php\/wp-json\/wp\/v2\/media?parent=83"}],"curies":[{"name":"wp","href":"https:\/\/api.w.org\/{rel}","templated":true}]}}