{"id":67,"date":"2017-05-22T11:12:53","date_gmt":"2017-05-22T11:12:53","guid":{"rendered":"http:\/\/gt3demo.com\/wp\/sohopro\/?page_id=67"},"modified":"2024-11-21T12:13:21","modified_gmt":"2024-11-21T12:13:21","slug":"hizmetlerimiz","status":"publish","type":"page","link":"https:\/\/hydroevent.com.tr\/index.php\/hizmetlerimiz\/","title":{"rendered":"Hizmetlerimiz"},"content":{"rendered":"<p>[vc_row equal_height=&#8221;yes&#8221; content_placement=&#8221;middle&#8221; css=&#8221;.vc_custom_1497011390954{margin-top: -22px !important;padding-bottom: 20px !important;}&#8221; el_class=&#8221;services_01&#8243;][vc_column css_animation=&#8221;fadeInLeft&#8221; width=&#8221;1\/3&#8243;][gt3_icon_box icon_type=&#8221;image&#8221; thumbnail=&#8221;70&#8243; icon_position=&#8221;left&#8221; icon_size=&#8221;custom&#8221; custom_icon_size=&#8221;53&#8243; title_tag=&#8221;h3&#8243; title_color=&#8221;#ffffff&#8221; text_color=&#8221;#a0acba&#8221; link_color=&#8221;#e56e6e&#8221; link_hover_color=&#8221;#a0acba&#8221; new_tab=&#8221;&#8221; icon_circle=&#8221;&#8221; heading=&#8221;Marka \u00dcr\u00fcn, Etkinlik ve Konsept Tasar\u0131m\u0131&#8221; text=&#8221;M\u00fc\u015fteri hedefleriyle uyumlu benzersiz etkinlik konseptleri i\u00e7in beyin f\u0131rt\u0131nas\u0131 yapmak, temalar geli\u015ftirmek ve uyumlu bir vizyon yaratmak konusunda uzman\u0131z.&#8221;][gt3_spacing height=&#8221;65px&#8221;][gt3_icon_box icon_type=&#8221;image&#8221; thumbnail=&#8221;20&#8243; icon_position=&#8221;left&#8221; icon_size=&#8221;custom&#8221; title_tag=&#8221;h3&#8243; title_color=&#8221;#ffffff&#8221; text_color=&#8221;#a0acba&#8221; link_color=&#8221;#e56e6e&#8221; link_hover_color=&#8221;#a0acba&#8221; new_tab=&#8221;&#8221; icon_circle=&#8221;&#8221; heading=&#8221;Mekan Kayna\u011f\u0131 &amp; Lojistik&#8221; text=&#8221;Ula\u015f\u0131m, konaklama ve yerinde koordinasyon gibi t\u00fcm lojistik detaylar\u0131 y\u00f6neterek m\u00fckemmel mekan\u0131 bulmak.&#8221;][gt3_spacing height=&#8221;65px&#8221;][gt3_icon_box icon_type=&#8221;image&#8221; thumbnail=&#8221;72&#8243; icon_position=&#8221;left&#8221; icon_size=&#8221;custom&#8221; custom_icon_size=&#8221;51&#8243; title_tag=&#8221;h3&#8243; title_color=&#8221;#ffffff&#8221; text_color=&#8221;#a0acba&#8221; link_color=&#8221;#e56e6e&#8221; link_hover_color=&#8221;#a0acba&#8221; new_tab=&#8221;&#8221; icon_circle=&#8221;&#8221; heading=&#8221;Markalama Alanlar\u0131 \u00dcretim ve Y\u00f6netim S\u00fcreci&#8221; text=&#8221;M\u00fc\u015fterinin marka kimli\u011fini ve \u00f6nemli mesajlar\u0131n\u0131 etkinlik deneyimine sorunsuz bir \u015fekilde entegre etmek.&#8221;][gt3_spacing height=&#8221;65px&#8221;][gt3_icon_box icon_type=&#8221;image&#8221; thumbnail=&#8221;84&#8243; icon_position=&#8221;left&#8221; icon_size=&#8221;custom&#8221; custom_icon_size=&#8221;51&#8243; title_tag=&#8221;h3&#8243; title_color=&#8221;#ffffff&#8221; text_color=&#8221;#a0acba&#8221; link_color=&#8221;#e56e6e&#8221; link_hover_color=&#8221;#a0acba&#8221; new_tab=&#8221;&#8221; icon_circle=&#8221;&#8221; heading=&#8221;Etkinlik Sonras\u0131 Analiz &amp; Raporlama&#8221; text=&#8221;Kat\u0131l\u0131mc\u0131 geri bildirimleri ve gelecekteki etkinlikler i\u00e7in \u00f6nemli dersler dahil olmak \u00fczere etkinlik performans\u0131 hakk\u0131nda kapsaml\u0131 raporlar sunmak.&#8221;][gt3_spacing height=&#8221;30px&#8221;][\/vc_column][vc_column css_animation=&#8221;fadeInUp&#8221; width=&#8221;1\/3&#8243;][vc_single_image image=&#8221;1335&#8243; img_size=&#8221;full&#8221; alignment=&#8221;center&#8221;][\/vc_column][vc_column css_animation=&#8221;fadeInRight&#8221; width=&#8221;1\/3&#8243;][gt3_icon_box icon_type=&#8221;image&#8221; thumbnail=&#8221;71&#8243; icon_position=&#8221;right&#8221; icon_size=&#8221;custom&#8221; custom_icon_size=&#8221;51&#8243; title_tag=&#8221;h3&#8243; title_color=&#8221;#ffffff&#8221; text_color=&#8221;#a0acba&#8221; link_color=&#8221;#e56e6e&#8221; link_hover_color=&#8221;#a0acba&#8221; new_tab=&#8221;&#8221; icon_circle=&#8221;&#8221; heading=&#8221;\u00d6d\u00fcl T\u00f6renleri, Lansmanlar, Bayii Toplant\u0131lar\u0131 ve Kurum \u0130\u00e7i Aktiviteler&#8221; text=&#8221;Sahne y\u00f6netimi, g\u00f6rsel-i\u015fitsel kurulum, \u0131\u015f\u0131kland\u0131rma dahil olmak \u00fczere etkinlik prod\u00fcksiyonunun t\u00fcm y\u00f6nlerini denetlemek ve ba\u015ftan sona sorunsuz bir ak\u0131\u015f sa\u011flamak.&#8221;][gt3_spacing height=&#8221;65px&#8221;][gt3_icon_box icon_type=&#8221;image&#8221; thumbnail=&#8221;73&#8243; icon_position=&#8221;right&#8221; icon_size=&#8221;custom&#8221; custom_icon_size=&#8221;45&#8243; title_tag=&#8221;h3&#8243; title_color=&#8221;#ffffff&#8221; text_color=&#8221;#a0acba&#8221; link_color=&#8221;#e56e6e&#8221; link_hover_color=&#8221;#a0acba&#8221; new_tab=&#8221;&#8221; icon_circle=&#8221;&#8221; heading=&#8221;Fuar ve Toplant\u0131 Organizasyon Y\u00f6netimi&#8221; text=&#8221;Fuar ve toplant\u0131lar\u0131 hedef ve marka kimli\u011fine uygun bir \u015fekilde t\u00fcm detaylar\u0131yla tasarlamak ve y\u00f6netmek&#8221;][gt3_spacing height=&#8221;65px&#8221;][gt3_icon_box icon_type=&#8221;image&#8221; thumbnail=&#8221;1014&#8243; icon_position=&#8221;right&#8221; icon_size=&#8221;custom&#8221; custom_icon_size=&#8221;48&#8243; title_tag=&#8221;h3&#8243; title_color=&#8221;#ffffff&#8221; text_color=&#8221;#a0acba&#8221; link_color=&#8221;#e56e6e&#8221; link_hover_color=&#8221;#a0acba&#8221; new_tab=&#8221;&#8221; icon_circle=&#8221;&#8221; heading=&#8221;Tan\u0131nm\u0131\u015f Ki\u015fi Organizasyonu&#8221; text=&#8221;Etkinliklere heyecan ve prestij katmak i\u00e7in y\u00fcksek profilli konu\u015fmac\u0131lar, sanat\u00e7\u0131lar veya e\u011flence sanat\u00e7\u0131lar\u0131 sa\u011flamak.&#8221;][gt3_spacing height=&#8221;65px&#8221;][gt3_icon_box icon_type=&#8221;image&#8221; thumbnail=&#8221;22&#8243; icon_position=&#8221;right&#8221; icon_size=&#8221;custom&#8221; custom_icon_size=&#8221;48&#8243; title_tag=&#8221;h3&#8243; title_color=&#8221;#ffffff&#8221; text_color=&#8221;#a0acba&#8221; link_color=&#8221;#e56e6e&#8221; link_hover_color=&#8221;#a0acba&#8221; new_tab=&#8221;&#8221; icon_circle=&#8221;&#8221; heading=&#8221;Tedarik\u00e7i Y\u00f6netimi&#8221; text=&#8221;Yiyecek i\u00e7ecek, e\u011flence, teknoloji, dekor ve daha fazlas\u0131 i\u00e7in g\u00fcvenilir tedarik\u00e7i a\u011f\u0131n\u0131 bulmak ve koordine etmek.&#8221;][\/vc_column][\/vc_row][vc_row full_width=&#8221;stretch_row&#8221; css=&#8221;.vc_custom_1495438880577{padding-top: 65px !important;background-color: #161b23 !important;}&#8221;][vc_column][vc_row_inner css=&#8221;.vc_custom_1495438672989{padding-bottom: 39px !important;}&#8221;][vc_column_inner width=&#8221;1\/2&#8243; css=&#8221;.vc_custom_1495438661052{padding-bottom: 40px !important;}&#8221;][vc_gallery type=&#8221;flexslider_slide&#8221; interval=&#8221;3&#8243; images=&#8221;1381,1380,1379,1378,1377,1376,1375,1374,1373,1372,1371,1370,1369,1368,1367,1366,1365,1364,1363,1362,1361,1360,1359,1358,1357,1337&#8243; img_size=&#8221;500&#215;300&#8243;][\/vc_column_inner][vc_column_inner width=&#8221;1\/2&#8243; css=&#8221;.vc_custom_1495439430988{padding-bottom: 40px !important;padding-left: 35px !important;}&#8221;][vc_column_text el_class=&#8221;gt3_heading&#8221;]<b>NELER YAPIYORUZ?<\/b>[\/vc_column_text][vc_custom_heading text=&#8221;Etkinlik planlamas\u0131n\u0131n stresini ortadan kald\u0131rmak ve m\u00fc\u015fterilerimizin en iddial\u0131 hedeflerine ula\u015fmalar\u0131n\u0131 sa\u011flamak i\u00e7in buraday\u0131z. 360 derece yakla\u015f\u0131m\u0131m\u0131zla, her ayr\u0131nt\u0131y\u0131 hassasiyet ve yarat\u0131c\u0131l\u0131kla ele alarak etkinli\u011finizin sadece unutulmaz de\u011fil, ayn\u0131 zamanda \u00f6l\u00e7\u00fclebilir sonu\u00e7lar elde etmesini sa\u011fl\u0131yoruz&#8221; font_container=&#8221;tag:div|font_size:18px|text_align:left|color:%23ffffff|line_height:30px&#8221; use_theme_fonts=&#8221;yes&#8221; css=&#8221;.vc_custom_1732178074217{margin-top: -24px !important;margin-bottom: 0px !important;padding-bottom: 30px !important;}&#8221;][\/vc_column_inner][\/vc_row_inner][vc_row_inner css=&#8221;.vc_custom_1495438844589{padding-bottom: 30px !important;}&#8221;][vc_column_inner width=&#8221;1\/4&#8243; css=&#8221;.vc_custom_1495437820352{padding-bottom: 30px !important;}&#8221;][vc_single_image image=&#8221;1393&#8243; img_size=&#8221;full&#8221; alignment=&#8221;center&#8221; onclick=&#8221;custom_link&#8221; css_animation=&#8221;fadeInLeft&#8221; link=&#8221;#&#8221;][vc_single_image image=&#8221;1387&#8243; img_size=&#8221;full&#8221; alignment=&#8221;center&#8221; onclick=&#8221;custom_link&#8221; css_animation=&#8221;fadeInLeft&#8221; link=&#8221;#&#8221;][vc_single_image image=&#8221;1385&#8243; img_size=&#8221;full&#8221; alignment=&#8221;center&#8221; onclick=&#8221;custom_link&#8221; css_animation=&#8221;fadeInLeft&#8221; link=&#8221;#&#8221;][\/vc_column_inner][vc_column_inner width=&#8221;1\/4&#8243; css=&#8221;.vc_custom_1495438719213{padding-bottom: 30px !important;}&#8221;][vc_single_image image=&#8221;1392&#8243; img_size=&#8221;full&#8221; alignment=&#8221;center&#8221; onclick=&#8221;custom_link&#8221; css_animation=&#8221;fadeInUp&#8221; link=&#8221;#&#8221;][vc_single_image image=&#8221;1386&#8243; img_size=&#8221;full&#8221; alignment=&#8221;center&#8221; onclick=&#8221;custom_link&#8221; css_animation=&#8221;fadeInUp&#8221; link=&#8221;#&#8221;][\/vc_column_inner][vc_column_inner width=&#8221;1\/4&#8243; css=&#8221;.vc_custom_1495438722676{padding-bottom: 30px !important;}&#8221;][vc_single_image image=&#8221;1391&#8243; img_size=&#8221;full&#8221; alignment=&#8221;center&#8221; onclick=&#8221;custom_link&#8221; css_animation=&#8221;fadeInUp&#8221; link=&#8221;#&#8221;][vc_single_image image=&#8221;1384&#8243; img_size=&#8221;full&#8221; alignment=&#8221;center&#8221; onclick=&#8221;custom_link&#8221; css_animation=&#8221;fadeInUp&#8221; link=&#8221;#&#8221;][\/vc_column_inner][vc_column_inner width=&#8221;1\/4&#8243; css=&#8221;.vc_custom_1495438725884{padding-bottom: 30px !important;}&#8221;][vc_single_image image=&#8221;1389&#8243; img_size=&#8221;full&#8221; alignment=&#8221;center&#8221; onclick=&#8221;custom_link&#8221; css_animation=&#8221;fadeInRight&#8221; link=&#8221;#&#8221;][vc_single_image image=&#8221;1390&#8243; img_size=&#8221;full&#8221; alignment=&#8221;center&#8221; onclick=&#8221;custom_link&#8221; css_animation=&#8221;fadeInRight&#8221; link=&#8221;#&#8221;][\/vc_column_inner][\/vc_row_inner][\/vc_column][\/vc_row][vc_row css_animation=&#8221;fadeInUp&#8221; css=&#8221;.vc_custom_1495439862754{padding-top: 58px !important;padding-bottom: 11px !important;}&#8221;][vc_column][vc_column_text el_class=&#8221;gt3_heading&#8221;]<\/p>\n<h3><b>KUSURSUZ, U\u00c7TAN UCA ETK\u0130NL\u0130K \u00c7\u00d6Z\u00dcMLER\u0130<\/b><\/h3>\n<p>[\/vc_column_text][vc_column_text]Hizmetlerimizin kapsaml\u0131 do\u011fas\u0131 ve bir etkinli\u011fin konseptinden uygulamas\u0131na kadar her y\u00f6n\u00fcyle ilgilenme becerimiz. M\u00fc\u015fterilerimiz her \u015feyle ilgilenmemiz i\u00e7in bize g\u00fcvenebilirler.[\/vc_column_text][\/vc_column][\/vc_row][vc_row css=&#8221;.vc_custom_1495445695340{margin-bottom: 70px !important;}&#8221;][vc_column css_animation=&#8221;fadeInLeft&#8221; width=&#8221;1\/3&#8243; css=&#8221;.vc_custom_1495005314729{padding-bottom: 30px !important;}&#8221;][gt3_services box_image=&#8221;1361&#8243; title_color=&#8221;#ffffff&#8221; index_number_color=&#8221;rgba(255,255,255,0.2)&#8221; content_text_color=&#8221;#ffffff&#8221; box_hover_bg=&#8221;#e56e6e&#8221; title=&#8221;YARATICILIK &amp; HASSAS\u0130YET&#8221; content_text=&#8221;Hem yenilik\u00e7i hem de kusursuz bir \u015fekilde y\u00fcr\u00fct\u00fclen etkinlikler sunma becerimiz. &#8221; index_number=&#8221;01&#8243;][\/vc_column][vc_column css_animation=&#8221;fadeInUp&#8221; width=&#8221;1\/3&#8243; css=&#8221;.vc_custom_1495005318368{padding-bottom: 30px !important;}&#8221;][gt3_services box_image=&#8221;1380&#8243; rotate_direction=&#8221;bottom&#8221; title_color=&#8221;#ffffff&#8221; index_number_color=&#8221;rgba(255,255,255,0.2)&#8221; content_text_color=&#8221;#ffffff&#8221; box_hover_bg=&#8221;#e56e6e&#8221; title=&#8221;BEKLENT\u0130LER\u0130N \u00d6TES\u0130NE GE\u00c7MEK&#8221; content_text=&#8221;Bu, i\u015fimiz i\u00e7in y\u00fcksek bir standart belirler ve m\u00fc\u015fteri memnuniyetine olan ba\u011fl\u0131l\u0131\u011f\u0131m\u0131z\u0131 g\u00f6sterir. Ola\u011fan\u00fcst\u00fc sonu\u00e7lar sunmak i\u00e7in s\u00fcrekli olarak daha fazlas\u0131n\u0131 yap\u0131yoruz.<br \/>\n&#8221; index_number=&#8221;02&#8243;][\/vc_column][vc_column css_animation=&#8221;fadeInRight&#8221; width=&#8221;1\/3&#8243; css=&#8221;.vc_custom_1495005323237{padding-bottom: 30px !important;}&#8221;][gt3_services box_image=&#8221;1373&#8243; rotate_direction=&#8221;right&#8221; title_color=&#8221;#ffffff&#8221; index_number_color=&#8221;rgba(255,255,255,0.2)&#8221; content_text_color=&#8221;#ffffff&#8221; box_hover_bg=&#8221;#e56e6e&#8221; title=&#8221;ETK\u0130L\u0130 &amp; UNUTULMAZ DENEY\u0130MLER&#8221; content_text=&#8221;Etkinliklerimiz sadece iyi y\u00fcr\u00fct\u00fclmekle kalmaz, ayn\u0131 zamanda belirli hedeflere ula\u015fmak i\u00e7in stratejik olarak tasarlan\u0131r.<br \/>\n&#8221; index_number=&#8221;03&#8243;][\/vc_column][\/vc_row]<\/p>\n","protected":false},"excerpt":{"rendered":"<p>[vc_row equal_height=&#8221;yes&#8221; content_placement=&#8221;middle&#8221; css=&#8221;.vc_custom_1497011390954{margin-top: -22px !important;padding-bottom: 20px !important;}&#8221; el_class=&#8221;services_01&#8243;][vc_column css_animation=&#8221;fadeInLeft&#8221; width=&#8221;1\/3&#8243;][gt3_icon_box icon_type=&#8221;image&#8221; thumbnail=&#8221;70&#8243; icon_position=&#8221;left&#8221; icon_size=&#8221;custom&#8221; custom_icon_size=&#8221;53&#8243; title_tag=&#8221;h3&#8243; title_color=&#8221;#ffffff&#8221; text_color=&#8221;#a0acba&#8221; link_color=&#8221;#e56e6e&#8221; link_hover_color=&#8221;#a0acba&#8221; new_tab=&#8221;&#8221; icon_circle=&#8221;&#8221; heading=&#8221;Marka \u00dcr\u00fcn, Etkinlik ve Konsept Tasar\u0131m\u0131&#8221; text=&#8221;M\u00fc\u015fteri hedefleriyle uyumlu benzersiz etkinlik konseptleri i\u00e7in beyin f\u0131rt\u0131nas\u0131 yapmak, temalar geli\u015ftirmek ve uyumlu bir vizyon yaratmak konusunda uzman\u0131z.&#8221;][gt3_spacing height=&#8221;65px&#8221;][gt3_icon_box icon_type=&#8221;image&#8221; thumbnail=&#8221;20&#8243; icon_position=&#8221;left&#8221; icon_size=&#8221;custom&#8221; title_tag=&#8221;h3&#8243; title_color=&#8221;#ffffff&#8221; [&hellip;]<\/p>\n","protected":false},"author":2,"featured_media":0,"parent":0,"menu_order":0,"comment_status":"closed","ping_status":"closed","template":"","meta":{"footnotes":""},"class_list":["post-67","page","type-page","status-publish","hentry"],"_links":{"self":[{"href":"https:\/\/hydroevent.com.tr\/index.php\/wp-json\/wp\/v2\/pages\/67","targetHints":{"allow":["GET"]}}],"collection":[{"href":"https:\/\/hydroevent.com.tr\/index.php\/wp-json\/wp\/v2\/pages"}],"about":[{"href":"https:\/\/hydroevent.com.tr\/index.php\/wp-json\/wp\/v2\/types\/page"}],"author":[{"embeddable":true,"href":"https:\/\/hydroevent.com.tr\/index.php\/wp-json\/wp\/v2\/users\/2"}],"replies":[{"embeddable":true,"href":"https:\/\/hydroevent.com.tr\/index.php\/wp-json\/wp\/v2\/comments?post=67"}],"version-history":[{"count":8,"href":"https:\/\/hydroevent.com.tr\/index.php\/wp-json\/wp\/v2\/pages\/67\/revisions"}],"predecessor-version":[{"id":1398,"href":"https:\/\/hydroevent.com.tr\/index.php\/wp-json\/wp\/v2\/pages\/67\/revisions\/1398"}],"wp:attachment":[{"href":"https:\/\/hydroevent.com.tr\/index.php\/wp-json\/wp\/v2\/media?parent=67"}],"curies":[{"name":"wp","href":"https:\/\/api.w.org\/{rel}","templated":true}]}}