{"id":602,"date":"2017-06-07T12:57:09","date_gmt":"2017-06-07T12:57:09","guid":{"rendered":"http:\/\/gt3demo.com\/wp\/sohopro\/?page_id=602"},"modified":"2024-11-21T11:02:37","modified_gmt":"2024-11-21T11:02:37","slug":"home","status":"publish","type":"page","link":"https:\/\/hydroevent.com.tr\/","title":{"rendered":"Home"},"content":{"rendered":"<p>[vc_row css_animation=&#8221;fadeInUp&#8221; css=&#8221;.vc_custom_1496904735823{margin-top: 0px !important;margin-bottom: 0px !important;padding-top: 0px !important;padding-bottom: 47px !important;}&#8221;][vc_column css=&#8221;.vc_custom_1496904376461{margin-top: 0px !important;margin-bottom: 0px !important;padding-top: 0px !important;padding-bottom: 0px !important;}&#8221;][vc_column_text el_class=&#8221;gt3_heading&#8221; css=&#8221;.vc_custom_1732186896224{margin-top: 0px !important;margin-bottom: 0px !important;padding-top: 0px !important;padding-bottom: 0px !important;}&#8221;]<\/p>\n<h2><b>M\u00dcKEMMEL H\u0130ZMET SUNMAYA KARARLIYIZ.<\/b><\/h2>\n<p>[\/vc_column_text][\/vc_column][\/vc_row][vc_row css=&#8221;.vc_custom_1496904787225{margin-top: 0px !important;margin-bottom: 0px !important;padding-top: 0px !important;padding-bottom: 20px !important;}&#8221;][vc_column css_animation=&#8221;fadeInLeft&#8221; width=&#8221;1\/3&#8243; css=&#8221;.vc_custom_1496904597131{margin-top: 0px !important;margin-bottom: 0px !important;padding-top: 0px !important;padding-bottom: 30px !important;}&#8221;][vc_custom_heading text=&#8221;KUSURSUZ ETK\u0130NL\u0130K, KUSURSUZ ORGAN\u0130ZASYON SANATIMIZI DENEY\u0130MLEY\u0130N&#8221; font_container=&#8221;tag:div|font_size:30px|text_align:left|line_height:42px&#8221; use_theme_fonts=&#8221;yes&#8221; css=&#8221;.vc_custom_1732106938338{margin-top: 0px !important;margin-bottom: 0px !important;padding-top: 0px !important;padding-right: 30px !important;padding-bottom: 0px !important;}&#8221;][\/vc_column][vc_column css_animation=&#8221;fadeInUp&#8221; width=&#8221;1\/3&#8243; css=&#8221;.vc_custom_1496904588187{margin-top: 0px !important;margin-bottom: 0px !important;padding-top: 0px !important;padding-bottom: 30px !important;}&#8221;][vc_column_text css=&#8221;.vc_custom_1732106901008{margin-top: 0px !important;margin-bottom: 0px !important;padding-top: 3px !important;padding-bottom: 0px !important;}&#8221;]Hedefimiz, insanlar\u0131n unutamayaca\u011f\u0131 ve m\u00fc\u015fterilerimizin markalar\u0131n\u0131 ve i\u015fletmelerini ger\u00e7ekten geli\u015ftirecek deneyimler yaratan, en iyi etkinlik planlama \u015firketi olmakt\u0131r.<\/p>\n<p>&nbsp;[\/vc_column_text][\/vc_column][vc_column css_animation=&#8221;fadeInRight&#8221; width=&#8221;1\/3&#8243; css=&#8221;.vc_custom_1496904592211{margin-top: 0px !important;margin-bottom: 0px !important;padding-top: 0px !important;padding-bottom: 30px !important;}&#8221;][vc_column_text css=&#8221;.vc_custom_1732106893646{margin-top: 0px !important;margin-bottom: 0px !important;padding-top: 3px !important;padding-bottom: 0px !important;}&#8221;]Amac\u0131m\u0131z, m\u00fc\u015fterilerimizin beklentilerinin \u00f6tesine ge\u00e7en eksiksiz etkinlik hizmetleri sunmakt\u0131r. Ba\u015ftan sona her \u015feyle yarat\u0131c\u0131l\u0131k ve detaylara dikkat ederek ilgilenirken, onlar\u0131n ana hedeflerine odaklanmalar\u0131n\u0131 istiyoruz.[\/vc_column_text][\/vc_column][\/vc_row][vc_row full_width=&#8221;stretch_row_content&#8221; el_class=&#8221;gt3_fullwidth_row mt_70&#8243; css=&#8221;.vc_custom_1496904483898{margin-bottom: 77px !important;padding-top: 0px !important;padding-bottom: 0px !important;}&#8221;][vc_column css=&#8221;.vc_custom_1496840703481{padding-right: 0px !important;padding-left: 0px !important;}&#8221;][gt3_portfolio_grid gt3_category=&#8221;etkinlik-organizasyon fuar-stand-tasarimi-ve-uretimi marka-tanitim-ve-organizasyon sosyal-medya-yonetimi yaratici-etkinlik&#8221; masonry=&#8221;off&#8221; fitler_state=&#8221;off&#8221; custom_class=&#8221;hidden_readmore&#8221;][\/vc_column][\/vc_row]<\/p>\n","protected":false},"excerpt":{"rendered":"<p>[vc_row css_animation=&#8221;fadeInUp&#8221; css=&#8221;.vc_custom_1496904735823{margin-top: 0px !important;margin-bottom: 0px !important;padding-top: 0px !important;padding-bottom: 47px !important;}&#8221;][vc_column css=&#8221;.vc_custom_1496904376461{margin-top: 0px !important;margin-bottom: 0px !important;padding-top: 0px !important;padding-bottom: 0px !important;}&#8221;][vc_column_text el_class=&#8221;gt3_heading&#8221; css=&#8221;.vc_custom_1732186896224{margin-top: 0px !important;margin-bottom: 0px !important;padding-top: 0px !important;padding-bottom: 0px !important;}&#8221;] M\u00dcKEMMEL H\u0130ZMET SUNMAYA KARARLIYIZ. [\/vc_column_text][\/vc_column][\/vc_row][vc_row css=&#8221;.vc_custom_1496904787225{margin-top: 0px !important;margin-bottom: 0px !important;padding-top: 0px !important;padding-bottom: 20px !important;}&#8221;][vc_column css_animation=&#8221;fadeInLeft&#8221; width=&#8221;1\/3&#8243; css=&#8221;.vc_custom_1496904597131{margin-top: 0px !important;margin-bottom: 0px !important;padding-top: 0px !important;padding-bottom: 30px !important;}&#8221;][vc_custom_heading [&hellip;]<\/p>\n","protected":false},"author":2,"featured_media":0,"parent":0,"menu_order":0,"comment_status":"closed","ping_status":"closed","template":"","meta":{"footnotes":""},"class_list":["post-602","page","type-page","status-publish","hentry"],"_links":{"self":[{"href":"https:\/\/hydroevent.com.tr\/index.php\/wp-json\/wp\/v2\/pages\/602","targetHints":{"allow":["GET"]}}],"collection":[{"href":"https:\/\/hydroevent.com.tr\/index.php\/wp-json\/wp\/v2\/pages"}],"about":[{"href":"https:\/\/hydroevent.com.tr\/index.php\/wp-json\/wp\/v2\/types\/page"}],"author":[{"embeddable":true,"href":"https:\/\/hydroevent.com.tr\/index.php\/wp-json\/wp\/v2\/users\/2"}],"replies":[{"embeddable":true,"href":"https:\/\/hydroevent.com.tr\/index.php\/wp-json\/wp\/v2\/comments?post=602"}],"version-history":[{"count":7,"href":"https:\/\/hydroevent.com.tr\/index.php\/wp-json\/wp\/v2\/pages\/602\/revisions"}],"predecessor-version":[{"id":1451,"href":"https:\/\/hydroevent.com.tr\/index.php\/wp-json\/wp\/v2\/pages\/602\/revisions\/1451"}],"wp:attachment":[{"href":"https:\/\/hydroevent.com.tr\/index.php\/wp-json\/wp\/v2\/media?parent=602"}],"curies":[{"name":"wp","href":"https:\/\/api.w.org\/{rel}","templated":true}]}}